{"id":2,"date":"2016-02-12T16:07:10","date_gmt":"2016-02-12T16:07:10","guid":{"rendered":"http:\/\/casaraoimov001.hospedagemdesites.ws\/?page_id=2"},"modified":"2024-02-16T11:50:18","modified_gmt":"2024-02-16T14:50:18","slug":"materiais_gratuitos","status":"publish","type":"page","link":"https:\/\/casaraoimoveis.com.br\/blog\/materiais_gratuitos\/","title":{"rendered":"MATERIAIS GRATUITOS"},"content":{"rendered":"<p><a href=\"https:\/\/casaraoimoveis.com.br\/blog\/wp-content\/uploads\/2016\/02\/guia-do-estudante-em-pelotas\" target=\"_blank\" rel=\"attachment noopener wp-att-85 noreferrer\"><img loading=\"lazy\" decoding=\"async\" class=\"alignnone size-full wp-image-85\" src=\"https:\/\/casaraoimoveis.com.br\/blog\/wp-content\/uploads\/2016\/02\/e-book-pelotas-de-A-a-Z1.png\" alt=\"e-book-pelotas-de-A-a-Z\" width=\"469\" height=\"243\" \/><\/a><\/p>\n<h2>Pelotas de A a Z<\/h2>\n<p>Um e-book escrito de universit\u00e1rio para universit\u00e1rio.<br \/>\nEst\u00e1 pensando em mudar o seu endere\u00e7o para Pelotas?<\/p>\n<p>Clique <a href=\"https:\/\/casaraoimoveis.com.br\/blog\/guia-do-estudante-em-pelotas\" target=\"_blank\" rel=\"noopener noreferrer\">aqui<\/a> para baixar.<\/p>\n<p><a href=\"https:\/\/casaraoimoveis.com.br\/blog\/wp-content\/uploads\/2016\/02\/Post-link-21.png\"><img loading=\"lazy\" decoding=\"async\" class=\"alignnone wp-image-166\" src=\"https:\/\/casaraoimoveis.com.br\/blog\/wp-content\/uploads\/2016\/02\/Post-link-2-1024x5361.png\" alt=\"Ebook Santa Maria\" width=\"469\" height=\"245\" \/><\/a><\/p>\n<h2>Santa Maria\u00a0de A a Z<\/h2>\n<p>Depois do sucesso do\u00a0e-book\u00a0sobre Pelotas,<br \/>\nchegou a vez\u00a0de conhecer tudo sobre santa Maria.<\/p>\n<p>Clique <a href=\"https:\/\/casaraoimoveis.com.br\/blog\/uploads\/2016\/02\/guia-estudante-sm\" target=\"_blank\" rel=\"noopener noreferrer\">aqui<\/a> para baixar gratuitamente.<\/p>\n<p><a href=\"https:\/\/casaraoimoveis.com.br\/blog\/wp-content\/uploads\/2023\/11\/Bertuol-242-scaled.jpg\" target=\"_blank\" rel=\"attachment noopener wp-att-112 noreferrer\"><img loading=\"lazy\" decoding=\"async\" class=\"alignnone wp-image-5970 size-medium\" src=\"https:\/\/casaraoimoveis.com.br\/blog\/wp-content\/uploads\/2023\/11\/Bertuol-242-200x300.jpg\" alt=\"\" width=\"200\" height=\"300\" srcset=\"https:\/\/casaraoimoveis.com.br\/blog\/wp-content\/uploads\/2023\/11\/Bertuol-242-200x300.jpg 200w, https:\/\/casaraoimoveis.com.br\/blog\/wp-content\/uploads\/2023\/11\/Bertuol-242-684x1024.jpg 684w, https:\/\/casaraoimoveis.com.br\/blog\/wp-content\/uploads\/2023\/11\/Bertuol-242-768x1150.jpg 768w, https:\/\/casaraoimoveis.com.br\/blog\/wp-content\/uploads\/2023\/11\/Bertuol-242-1025x1536.jpg 1025w, https:\/\/casaraoimoveis.com.br\/blog\/wp-content\/uploads\/2023\/11\/Bertuol-242-1367x2048.jpg 1367w, https:\/\/casaraoimoveis.com.br\/blog\/wp-content\/uploads\/2023\/11\/Bertuol-242-scaled.jpg 1709w\" sizes=\"auto, (max-width: 200px) 100vw, 200px\" \/><\/a><\/p>\n<h2>D\u00favidas na hora de alugar um im\u00f3vel?<\/h2>\n<p>Este e-book vai lhe ajudar neste momento importante da vida.<\/p>\n<p>Clique <a href=\"https:\/\/casaraoimoveis.com.br\/blog\/wp-content\/uploads\/2016\/02\/dicas-aluguel-imovel\" target=\"_blank\" rel=\"noopener noreferrer\">aqui<\/a> para baixar.<\/p>\n","protected":false},"excerpt":{"rendered":"<p>Pelotas de A a Z Um e-book escrito de universit\u00e1rio para universit\u00e1rio. Est\u00e1 pensando em mudar o seu endere\u00e7o para Pelotas? Clique aqui para baixar. Santa Maria\u00a0de A a Z Depois do sucesso do\u00a0e-book\u00a0sobre Pelotas, chegou a vez\u00a0de conhecer tudo sobre santa Maria. Clique aqui para baixar gratuitamente. D\u00favidas na hora de alugar um im\u00f3vel? [&hellip;]<\/p>\n","protected":false},"author":1,"featured_media":0,"parent":0,"menu_order":0,"comment_status":"open","ping_status":"open","template":"custom-page.php","meta":{"footnotes":""},"class_list":["post-2","page","type-page","status-publish","czr-hentry"],"yoast_head":"<!-- This site is optimized with the Yoast SEO plugin v25.9 - https:\/\/yoast.com\/wordpress\/plugins\/seo\/ -->\n<title>MATERIAIS GRATUITOS - Blog da Casar\u00e3o<\/title>\n<meta name=\"robots\" content=\"index, follow, max-snippet:-1, max-image-preview:large, max-video-preview:-1\" \/>\n<link rel=\"canonical\" href=\"https:\/\/casaraoimoveis.com.br\/blog\/materiais_gratuitos\/\" \/>\n<meta property=\"og:locale\" content=\"pt_BR\" \/>\n<meta property=\"og:type\" content=\"article\" \/>\n<meta property=\"og:title\" content=\"MATERIAIS GRATUITOS - Blog da Casar\u00e3o\" \/>\n<meta property=\"og:description\" content=\"Pelotas de A a Z Um e-book escrito de universit\u00e1rio para universit\u00e1rio. Est\u00e1 pensando em mudar o seu endere\u00e7o para Pelotas? Clique aqui para baixar. Santa Maria\u00a0de A a Z Depois do sucesso do\u00a0e-book\u00a0sobre Pelotas, chegou a vez\u00a0de conhecer tudo sobre santa Maria. Clique aqui para baixar gratuitamente. D\u00favidas na hora de alugar um im\u00f3vel? [&hellip;]\" \/>\n<meta property=\"og:url\" content=\"https:\/\/casaraoimoveis.com.br\/blog\/materiais_gratuitos\/\" \/>\n<meta property=\"og:site_name\" content=\"Blog da Casar\u00e3o\" \/>\n<meta property=\"article:publisher\" content=\"https:\/\/www.facebook.com\/CasaraoImoveis\/\" \/>\n<meta property=\"article:modified_time\" content=\"2024-02-16T14:50:18+00:00\" \/>\n<meta property=\"og:image\" content=\"https:\/\/casaraoimoveis.com.br\/blog\/wp-content\/uploads\/2016\/02\/e-book-pelotas-de-A-a-Z1.png\" \/>\n<meta name=\"twitter:card\" content=\"summary_large_image\" \/>\n<meta name=\"twitter:site\" content=\"@casaraoimoveis\" \/>\n<meta name=\"twitter:label1\" content=\"Est. tempo de leitura\" \/>\n\t<meta name=\"twitter:data1\" content=\"2 minutos\" \/>\n<script type=\"application\/ld+json\" class=\"yoast-schema-graph\">{\"@context\":\"https:\/\/schema.org\",\"@graph\":[{\"@type\":\"WebPage\",\"@id\":\"https:\/\/casaraoimoveis.com.br\/blog\/materiais_gratuitos\/\",\"url\":\"https:\/\/casaraoimoveis.com.br\/blog\/materiais_gratuitos\/\",\"name\":\"MATERIAIS GRATUITOS - Blog da Casar\u00e3o\",\"isPartOf\":{\"@id\":\"https:\/\/casaraoimoveis.com.br\/blog\/#website\"},\"primaryImageOfPage\":{\"@id\":\"https:\/\/casaraoimoveis.com.br\/blog\/materiais_gratuitos\/#primaryimage\"},\"image\":{\"@id\":\"https:\/\/casaraoimoveis.com.br\/blog\/materiais_gratuitos\/#primaryimage\"},\"thumbnailUrl\":\"https:\/\/casaraoimoveis.com.br\/blog\/wp-content\/uploads\/2016\/02\/e-book-pelotas-de-A-a-Z1.png\",\"datePublished\":\"2016-02-12T16:07:10+00:00\",\"dateModified\":\"2024-02-16T14:50:18+00:00\",\"breadcrumb\":{\"@id\":\"https:\/\/casaraoimoveis.com.br\/blog\/materiais_gratuitos\/#breadcrumb\"},\"inLanguage\":\"pt-BR\",\"potentialAction\":[{\"@type\":\"ReadAction\",\"target\":[\"https:\/\/casaraoimoveis.com.br\/blog\/materiais_gratuitos\/\"]}]},{\"@type\":\"ImageObject\",\"inLanguage\":\"pt-BR\",\"@id\":\"https:\/\/casaraoimoveis.com.br\/blog\/materiais_gratuitos\/#primaryimage\",\"url\":\"https:\/\/casaraoimoveis.com.br\/blog\/wp-content\/uploads\/2016\/02\/e-book-pelotas-de-A-a-Z1.png\",\"contentUrl\":\"https:\/\/casaraoimoveis.com.br\/blog\/wp-content\/uploads\/2016\/02\/e-book-pelotas-de-A-a-Z1.png\",\"width\":469,\"height\":243},{\"@type\":\"BreadcrumbList\",\"@id\":\"https:\/\/casaraoimoveis.com.br\/blog\/materiais_gratuitos\/#breadcrumb\",\"itemListElement\":[{\"@type\":\"ListItem\",\"position\":1,\"name\":\"In\u00edcio\",\"item\":\"https:\/\/casaraoimoveis.com.br\/blog\/\"},{\"@type\":\"ListItem\",\"position\":2,\"name\":\"MATERIAIS GRATUITOS\"}]},{\"@type\":\"WebSite\",\"@id\":\"https:\/\/casaraoimoveis.com.br\/blog\/#website\",\"url\":\"https:\/\/casaraoimoveis.com.br\/blog\/\",\"name\":\"Blog da Casar\u00e3o\",\"description\":\"Aqui tem um lugar pra voc\u00ea\",\"publisher\":{\"@id\":\"https:\/\/casaraoimoveis.com.br\/blog\/#organization\"},\"potentialAction\":[{\"@type\":\"SearchAction\",\"target\":{\"@type\":\"EntryPoint\",\"urlTemplate\":\"https:\/\/casaraoimoveis.com.br\/blog\/?s={search_term_string}\"},\"query-input\":{\"@type\":\"PropertyValueSpecification\",\"valueRequired\":true,\"valueName\":\"search_term_string\"}}],\"inLanguage\":\"pt-BR\"},{\"@type\":\"Organization\",\"@id\":\"https:\/\/casaraoimoveis.com.br\/blog\/#organization\",\"name\":\"Casar\u00e3o Im\u00f3veis\",\"url\":\"https:\/\/casaraoimoveis.com.br\/blog\/\",\"logo\":{\"@type\":\"ImageObject\",\"inLanguage\":\"pt-BR\",\"@id\":\"https:\/\/casaraoimoveis.com.br\/blog\/#\/schema\/logo\/image\/\",\"url\":\"https:\/\/casaraoimoveis.com.br\/blog\/wp-content\/uploads\/2023\/11\/cropped-marca_horizontal_.png\",\"contentUrl\":\"https:\/\/casaraoimoveis.com.br\/blog\/wp-content\/uploads\/2023\/11\/cropped-marca_horizontal_.png\",\"width\":678,\"height\":136,\"caption\":\"Casar\u00e3o Im\u00f3veis\"},\"image\":{\"@id\":\"https:\/\/casaraoimoveis.com.br\/blog\/#\/schema\/logo\/image\/\"},\"sameAs\":[\"https:\/\/www.facebook.com\/CasaraoImoveis\/\",\"https:\/\/x.com\/casaraoimoveis\",\"https:\/\/www.instagram.com\/casarao_imoveis\/\",\"https:\/\/www.linkedin.com\/company\/casar\u00e3o-im\u00f3veis\",\"https:\/\/www.youtube.com\/channel\/UCTAp0eq_KdwHwO46z4te6Cg\"]}]}<\/script>\n<!-- \/ Yoast SEO plugin. -->","yoast_head_json":{"title":"MATERIAIS GRATUITOS - Blog da Casar\u00e3o","robots":{"index":"index","follow":"follow","max-snippet":"max-snippet:-1","max-image-preview":"max-image-preview:large","max-video-preview":"max-video-preview:-1"},"canonical":"https:\/\/casaraoimoveis.com.br\/blog\/materiais_gratuitos\/","og_locale":"pt_BR","og_type":"article","og_title":"MATERIAIS GRATUITOS - Blog da Casar\u00e3o","og_description":"Pelotas de A a Z Um e-book escrito de universit\u00e1rio para universit\u00e1rio. Est\u00e1 pensando em mudar o seu endere\u00e7o para Pelotas? Clique aqui para baixar. Santa Maria\u00a0de A a Z Depois do sucesso do\u00a0e-book\u00a0sobre Pelotas, chegou a vez\u00a0de conhecer tudo sobre santa Maria. Clique aqui para baixar gratuitamente. D\u00favidas na hora de alugar um im\u00f3vel? [&hellip;]","og_url":"https:\/\/casaraoimoveis.com.br\/blog\/materiais_gratuitos\/","og_site_name":"Blog da Casar\u00e3o","article_publisher":"https:\/\/www.facebook.com\/CasaraoImoveis\/","article_modified_time":"2024-02-16T14:50:18+00:00","og_image":[{"url":"https:\/\/casaraoimoveis.com.br\/blog\/wp-content\/uploads\/2016\/02\/e-book-pelotas-de-A-a-Z1.png","type":"","width":"","height":""}],"twitter_card":"summary_large_image","twitter_site":"@casaraoimoveis","twitter_misc":{"Est. tempo de leitura":"2 minutos"},"schema":{"@context":"https:\/\/schema.org","@graph":[{"@type":"WebPage","@id":"https:\/\/casaraoimoveis.com.br\/blog\/materiais_gratuitos\/","url":"https:\/\/casaraoimoveis.com.br\/blog\/materiais_gratuitos\/","name":"MATERIAIS GRATUITOS - Blog da Casar\u00e3o","isPartOf":{"@id":"https:\/\/casaraoimoveis.com.br\/blog\/#website"},"primaryImageOfPage":{"@id":"https:\/\/casaraoimoveis.com.br\/blog\/materiais_gratuitos\/#primaryimage"},"image":{"@id":"https:\/\/casaraoimoveis.com.br\/blog\/materiais_gratuitos\/#primaryimage"},"thumbnailUrl":"https:\/\/casaraoimoveis.com.br\/blog\/wp-content\/uploads\/2016\/02\/e-book-pelotas-de-A-a-Z1.png","datePublished":"2016-02-12T16:07:10+00:00","dateModified":"2024-02-16T14:50:18+00:00","breadcrumb":{"@id":"https:\/\/casaraoimoveis.com.br\/blog\/materiais_gratuitos\/#breadcrumb"},"inLanguage":"pt-BR","potentialAction":[{"@type":"ReadAction","target":["https:\/\/casaraoimoveis.com.br\/blog\/materiais_gratuitos\/"]}]},{"@type":"ImageObject","inLanguage":"pt-BR","@id":"https:\/\/casaraoimoveis.com.br\/blog\/materiais_gratuitos\/#primaryimage","url":"https:\/\/casaraoimoveis.com.br\/blog\/wp-content\/uploads\/2016\/02\/e-book-pelotas-de-A-a-Z1.png","contentUrl":"https:\/\/casaraoimoveis.com.br\/blog\/wp-content\/uploads\/2016\/02\/e-book-pelotas-de-A-a-Z1.png","width":469,"height":243},{"@type":"BreadcrumbList","@id":"https:\/\/casaraoimoveis.com.br\/blog\/materiais_gratuitos\/#breadcrumb","itemListElement":[{"@type":"ListItem","position":1,"name":"In\u00edcio","item":"https:\/\/casaraoimoveis.com.br\/blog\/"},{"@type":"ListItem","position":2,"name":"MATERIAIS GRATUITOS"}]},{"@type":"WebSite","@id":"https:\/\/casaraoimoveis.com.br\/blog\/#website","url":"https:\/\/casaraoimoveis.com.br\/blog\/","name":"Blog da Casar\u00e3o","description":"Aqui tem um lugar pra voc\u00ea","publisher":{"@id":"https:\/\/casaraoimoveis.com.br\/blog\/#organization"},"potentialAction":[{"@type":"SearchAction","target":{"@type":"EntryPoint","urlTemplate":"https:\/\/casaraoimoveis.com.br\/blog\/?s={search_term_string}"},"query-input":{"@type":"PropertyValueSpecification","valueRequired":true,"valueName":"search_term_string"}}],"inLanguage":"pt-BR"},{"@type":"Organization","@id":"https:\/\/casaraoimoveis.com.br\/blog\/#organization","name":"Casar\u00e3o Im\u00f3veis","url":"https:\/\/casaraoimoveis.com.br\/blog\/","logo":{"@type":"ImageObject","inLanguage":"pt-BR","@id":"https:\/\/casaraoimoveis.com.br\/blog\/#\/schema\/logo\/image\/","url":"https:\/\/casaraoimoveis.com.br\/blog\/wp-content\/uploads\/2023\/11\/cropped-marca_horizontal_.png","contentUrl":"https:\/\/casaraoimoveis.com.br\/blog\/wp-content\/uploads\/2023\/11\/cropped-marca_horizontal_.png","width":678,"height":136,"caption":"Casar\u00e3o Im\u00f3veis"},"image":{"@id":"https:\/\/casaraoimoveis.com.br\/blog\/#\/schema\/logo\/image\/"},"sameAs":["https:\/\/www.facebook.com\/CasaraoImoveis\/","https:\/\/x.com\/casaraoimoveis","https:\/\/www.instagram.com\/casarao_imoveis\/","https:\/\/www.linkedin.com\/company\/casar\u00e3o-im\u00f3veis","https:\/\/www.youtube.com\/channel\/UCTAp0eq_KdwHwO46z4te6Cg"]}]}},"_links":{"self":[{"href":"https:\/\/casaraoimoveis.com.br\/blog\/wp-json\/wp\/v2\/pages\/2","targetHints":{"allow":["GET"]}}],"collection":[{"href":"https:\/\/casaraoimoveis.com.br\/blog\/wp-json\/wp\/v2\/pages"}],"about":[{"href":"https:\/\/casaraoimoveis.com.br\/blog\/wp-json\/wp\/v2\/types\/page"}],"author":[{"embeddable":true,"href":"https:\/\/casaraoimoveis.com.br\/blog\/wp-json\/wp\/v2\/users\/1"}],"replies":[{"embeddable":true,"href":"https:\/\/casaraoimoveis.com.br\/blog\/wp-json\/wp\/v2\/comments?post=2"}],"version-history":[{"count":21,"href":"https:\/\/casaraoimoveis.com.br\/blog\/wp-json\/wp\/v2\/pages\/2\/revisions"}],"predecessor-version":[{"id":6000,"href":"https:\/\/casaraoimoveis.com.br\/blog\/wp-json\/wp\/v2\/pages\/2\/revisions\/6000"}],"wp:attachment":[{"href":"https:\/\/casaraoimoveis.com.br\/blog\/wp-json\/wp\/v2\/media?parent=2"}],"curies":[{"name":"wp","href":"https:\/\/api.w.org\/{rel}","templated":true}]}}